{"id":1231,"date":"2024-06-11T09:19:16","date_gmt":"2024-06-11T12:19:16","guid":{"rendered":"https:\/\/vdmrastreadores.com.br\/?page_id=1231"},"modified":"2025-02-18T12:33:09","modified_gmt":"2025-02-18T15:33:09","slug":"politicadeprivacidade","status":"publish","type":"page","link":"https:\/\/vdmrastreadores.com.br\/index.php\/politicadeprivacidade\/","title":{"rendered":"Pol\u00edtica de Privacidade"},"content":{"rendered":"\t\t<div data-elementor-type=\"wp-page\" data-elementor-id=\"1231\" class=\"elementor elementor-1231\" data-elementor-post-type=\"page\">\n\t\t\t\t\t\t<section class=\"elementor-section elementor-top-section elementor-element elementor-element-8eaf2ba elementor-section-boxed elementor-section-height-default elementor-section-height-default\" data-id=\"8eaf2ba\" data-element_type=\"section\">\n\t\t\t\t\t\t<div class=\"elementor-container elementor-column-gap-default\">\n\t\t\t\t\t<div class=\"elementor-column elementor-col-100 elementor-top-column elementor-element elementor-element-58d0f72\" data-id=\"58d0f72\" data-element_type=\"column\">\n\t\t\t<div class=\"elementor-widget-wrap elementor-element-populated\">\n\t\t\t\t\t\t<div class=\"elementor-element elementor-element-97d36a8 elementor-widget elementor-widget-heading\" data-id=\"97d36a8\" data-element_type=\"widget\" data-widget_type=\"heading.default\">\n\t\t\t\t<div class=\"elementor-widget-container\">\n\t\t\t<h2 class=\"elementor-heading-title elementor-size-default\">Pol\u00edtica de Privacidade<\/h2>\t\t<\/div>\n\t\t\t\t<\/div>\n\t\t\t\t<div class=\"elementor-element elementor-element-5a861f2 elementor-widget elementor-widget-text-editor\" data-id=\"5a861f2\" data-element_type=\"widget\" data-widget_type=\"text-editor.default\">\n\t\t\t\t<div class=\"elementor-widget-container\">\n\t\t\t\t\t\t\t<p><strong>Coleta de Dados Pessoais:<\/strong><\/p><p><span style=\"font-weight: 400;\">Coletamos nome, telefone, e-mail e localiza\u00e7\u00e3o atrav\u00e9s de formul\u00e1rios e cookies para fins espec\u00edficos detalhados nesta pol\u00edtica.<\/span><\/p><p><strong>Finalidade da Coleta:<\/strong><\/p><p><span style=\"font-weight: 400;\">Os dados s\u00e3o utilizados exclusivamente para fins de marketing, an\u00e1lise de uso dos servi\u00e7os e melhoria cont\u00ednua das funcionalidades ofertadas.<\/span><\/p><p><strong>Compartilhamento de Dados:<\/strong><\/p><p><span style=\"font-weight: 400;\">N\u00e3o compartilhamos seus dados com terceiros, exceto em casos exigidos por autoridades governamentais, e somente mediante solicita\u00e7\u00e3o judicial.<\/span><\/p><p><strong>Direitos dos Usu\u00e1rios:<\/strong><\/p><p><span style=\"font-weight: 400;\">Conforme a LGPD, os usu\u00e1rios t\u00eam direito a acessar, corrigir ou solicitar a exclus\u00e3o de seus dados pessoais. Essas solicita\u00e7\u00f5es podem ser feitas por e-mail ou telefone, conforme informado em nosso site.<\/span><\/p><p><strong>Seguran\u00e7a dos Dados:<\/strong><\/p><p><span style=\"font-weight: 400;\">Adotamos medidas de seguran\u00e7a rigorosas para proteger os dados contra acesso n\u00e3o autorizado, altera\u00e7\u00e3o, divulga\u00e7\u00e3o ou destrui\u00e7\u00e3o.<\/span><\/p><p><strong>Consentimento:<\/strong><\/p><p><span style=\"font-weight: 400;\">O consentimento para coleta e uso dos dados \u00e9 obtido de forma expl\u00edcita por meio de caixas de sele\u00e7\u00e3o durante o processo de coleta.<\/span><\/p><p><strong>Altera\u00e7\u00f5es na Pol\u00edtica:<\/strong><\/p><p><span style=\"font-weight: 400;\">Reservamo-nos o direito de modificar esta pol\u00edtica a qualquer momento. As altera\u00e7\u00f5es ser\u00e3o comunicadas aos usu\u00e1rios por meio dos contatos fornecidos.<\/span><\/p><p><strong>Contato:<\/strong><\/p><p><span style=\"font-weight: 400;\">Para d\u00favidas relacionadas \u00e0 privacidade, por favor, entre em contato atrav\u00e9s dos meios disponibilizados no site.<\/span><\/p><p><strong>Conformidade:<\/strong><\/p><p><span style=\"font-weight: 400;\">Esta pol\u00edtica est\u00e1 alinhada com a LGPD e as diretrizes da Meta, garantindo a transpar\u00eancia na utiliza\u00e7\u00e3o dos dados coletados.<\/span><\/p><p><span style=\"font-weight: 400;\">Esta Pol\u00edtica de Privacidade assegura nosso compromisso com a seguran\u00e7a dos dados de nossos usu\u00e1rios e est\u00e1 de acordo com as normas legais aplic\u00e1veis.<\/span><\/p>\t\t\t\t\t\t<\/div>\n\t\t\t\t<\/div>\n\t\t\t\t\t<\/div>\n\t\t<\/div>\n\t\t\t\t\t<\/div>\n\t\t<\/section>\n\t\t\t\t<\/div>\n\t\t","protected":false},"excerpt":{"rendered":"<p>Pol\u00edtica de Privacidade Coleta de Dados Pessoais: Coletamos nome, telefone, e-mail e localiza\u00e7\u00e3o atrav\u00e9s de formul\u00e1rios e cookies para fins espec\u00edficos detalhados nesta pol\u00edtica. Finalidade da Coleta: Os dados s\u00e3o utilizados exclusivamente para fins de marketing, an\u00e1lise de uso dos servi\u00e7os e melhoria cont\u00ednua das funcionalidades ofertadas. Compartilhamento de Dados: N\u00e3o compartilhamos seus dados com [&hellip;]<\/p>\n","protected":false},"author":1,"featured_media":0,"parent":0,"menu_order":0,"comment_status":"closed","ping_status":"closed","template":"elementor_header_footer","meta":{"footnotes":""},"class_list":["post-1231","page","type-page","status-publish","hentry"],"_links":{"self":[{"href":"https:\/\/vdmrastreadores.com.br\/index.php\/wp-json\/wp\/v2\/pages\/1231","targetHints":{"allow":["GET"]}}],"collection":[{"href":"https:\/\/vdmrastreadores.com.br\/index.php\/wp-json\/wp\/v2\/pages"}],"about":[{"href":"https:\/\/vdmrastreadores.com.br\/index.php\/wp-json\/wp\/v2\/types\/page"}],"author":[{"embeddable":true,"href":"https:\/\/vdmrastreadores.com.br\/index.php\/wp-json\/wp\/v2\/users\/1"}],"replies":[{"embeddable":true,"href":"https:\/\/vdmrastreadores.com.br\/index.php\/wp-json\/wp\/v2\/comments?post=1231"}],"version-history":[{"count":7,"href":"https:\/\/vdmrastreadores.com.br\/index.php\/wp-json\/wp\/v2\/pages\/1231\/revisions"}],"predecessor-version":[{"id":1411,"href":"https:\/\/vdmrastreadores.com.br\/index.php\/wp-json\/wp\/v2\/pages\/1231\/revisions\/1411"}],"wp:attachment":[{"href":"https:\/\/vdmrastreadores.com.br\/index.php\/wp-json\/wp\/v2\/media?parent=1231"}],"curies":[{"name":"wp","href":"https:\/\/api.w.org\/{rel}","templated":true}]}}